{"id":2810,"date":"2025-05-12T14:20:08","date_gmt":"2025-05-12T14:20:08","guid":{"rendered":"https:\/\/psicoeducalleida.com\/?page_id=2810"},"modified":"2025-05-12T14:26:13","modified_gmt":"2025-05-12T14:26:13","slug":"politica-de-cookies","status":"publish","type":"page","link":"https:\/\/psicoeducalleida.com\/es\/politica-de-cookies\/","title":{"rendered":"Pol\u00edtica de cookies"},"content":{"rendered":"<div class=\"wp-block-uagb-container uagb-layout-flex uagb-block-25efe059 default uagb-is-root-container\">\n<div class=\"wp-block-uagb-advanced-heading uagb-block-152b2cf8\"><h1 class=\"uagb-heading-text\">Pol\u00edtica de cookies<\/h1><\/div>\n<\/div>\n\n\n\n<div data-aos= \"fade-up\" data-aos-duration=\"400\" data-aos-delay=\"0\" data-aos-easing=\"ease\" data-aos-once=\"true\" class=\"wp-block-uagb-container uagb-block-6915a1c8 alignfull uagb-is-root-container\"><div class=\"uagb-container-inner-blocks-wrap\"><\/div><\/div>\n\n\n\n<div style=\"height:70px\" aria-hidden=\"true\" class=\"wp-block-spacer\"><\/div>\n\n\n\n<div data-aos= \"fade-up\" data-aos-duration=\"400\" data-aos-delay=\"0\" data-aos-easing=\"ease\" data-aos-once=\"true\" class=\"wp-block-uagb-container uagb-block-1dd29182 alignfull uagb-is-root-container\"><div class=\"uagb-container-inner-blocks-wrap\">\n<div class=\"wp-block-uagb-advanced-heading uagb-block-8af22b90\"><h3 class=\"uagb-heading-text\">Que son les cookies?<\/h3><\/div>\n\n\n\n<p>Las cookies son peque\u00f1os archivos de texto que se almacenan en tu navegador cuando visitas una p\u00e1gina web. Sirven para garantizar el correcto funcionamiento del sitio y, en algunos casos, para recoger informaci\u00f3n sobre la navegaci\u00f3n.<\/p>\n\n\n\n<div style=\"height:55px\" aria-hidden=\"true\" class=\"wp-block-spacer\"><\/div>\n\n\n\n<h3 class=\"wp-block-heading\">\u00bfQu\u00e9 cookies utiliza este sitio web?<\/h3>\n\n\n\n<p>El sitio web de <strong>Psicoeduca Lleida<\/strong> solo utiliza <strong>cookies t\u00e9cnicas necesarias<\/strong> para su funcionamiento. En concreto, se utiliza una cookie de WordPress (<code>wpEmojiSettingsSupports<\/code>) que permite comprobar si tu navegador puede mostrar correctamente los emojis.<br>Esta cookie no recoge datos personales ni hace seguimiento de los usuarios.<\/p>\n\n\n\n<div style=\"height:55px\" aria-hidden=\"true\" class=\"wp-block-spacer\"><\/div>\n\n\n\n<h3 class=\"wp-block-heading\">\u00bfSe utilizan cookies de terceros?<\/h3>\n\n\n\n<p>No. En este sitio web no se utilizan cookies de an\u00e1lisis, publicidad ni seguimiento de terceros.<\/p>\n\n\n\n<div style=\"height:55px\" aria-hidden=\"true\" class=\"wp-block-spacer\"><\/div>\n\n\n\n<h3 class=\"wp-block-heading\">\u00bfC\u00f3mo puedo gestionar las cookies?<\/h3>\n\n\n\n<p>Dado que solo se utilizan cookies t\u00e9cnicas imprescindibles, no es necesario el consentimiento del usuario para su uso. Aun as\u00ed, puedes configurar tu navegador para bloquear o eliminar estas cookies si lo deseas, aunque esto podr\u00eda afectar al funcionamiento del sitio web.<\/p>\n<\/div><\/div>\n\n\n\n<div style=\"height:70px\" aria-hidden=\"true\" class=\"wp-block-spacer\"><\/div>\n\n\n\n<div style=\"height:100px\" aria-hidden=\"true\" class=\"wp-block-spacer\"><\/div>","protected":false},"excerpt":{"rendered":"<p>Pol\u00edtica de cookies Qu\u00e8 s\u00f3n les cookies? Les cookies s\u00f3n petits fitxers de text que s\u2019emmagatzemen al teu navegador quan visites una p\u00e0gina web. Serveixen per garantir el correcte funcionament del lloc i, en alguns casos, per recollir informaci\u00f3 sobre la navegaci\u00f3. Quines cookies utilitza aquest lloc web? El lloc web de Psicoeduca Lleida nom\u00e9s [&hellip;]<\/p>","protected":false},"author":1,"featured_media":0,"parent":0,"menu_order":0,"comment_status":"closed","ping_status":"closed","template":"","meta":{"_uag_custom_page_level_css":"","site-sidebar-layout":"default","site-content-layout":"","ast-site-content-layout":"default","site-content-style":"default","site-sidebar-style":"default","ast-global-header-display":"","ast-banner-title-visibility":"","ast-main-header-display":"","ast-hfb-above-header-display":"","ast-hfb-below-header-display":"","ast-hfb-mobile-header-display":"","site-post-title":"disabled","ast-breadcrumbs-content":"","ast-featured-img":"","footer-sml-layout":"","ast-disable-related-posts":"","theme-transparent-header-meta":"","adv-header-id-meta":"","stick-header-meta":"","header-above-stick-meta":"","header-main-stick-meta":"","header-below-stick-meta":"","astra-migrate-meta-layouts":"set","ast-page-background-enabled":"default","ast-page-background-meta":{"desktop":{"background-color":"","background-image":"","background-repeat":"repeat","background-position":"center center","background-size":"auto","background-attachment":"scroll","background-type":"","background-media":"","overlay-type":"","overlay-color":"","overlay-opacity":"","overlay-gradient":""},"tablet":{"background-color":"","background-image":"","background-repeat":"repeat","background-position":"center center","background-size":"auto","background-attachment":"scroll","background-type":"","background-media":"","overlay-type":"","overlay-color":"","overlay-opacity":"","overlay-gradient":""},"mobile":{"background-color":"","background-image":"","background-repeat":"repeat","background-position":"center center","background-size":"auto","background-attachment":"scroll","background-type":"","background-media":"","overlay-type":"","overlay-color":"","overlay-opacity":"","overlay-gradient":""}},"ast-content-background-meta":{"desktop":{"background-color":"var(--ast-global-color-5)","background-image":"","background-repeat":"repeat","background-position":"center center","background-size":"auto","background-attachment":"scroll","background-type":"","background-media":"","overlay-type":"","overlay-color":"","overlay-opacity":"","overlay-gradient":""},"tablet":{"background-color":"var(--ast-global-color-5)","background-image":"","background-repeat":"repeat","background-position":"center center","background-size":"auto","background-attachment":"scroll","background-type":"","background-media":"","overlay-type":"","overlay-color":"","overlay-opacity":"","overlay-gradient":""},"mobile":{"background-color":"var(--ast-global-color-5)","background-image":"","background-repeat":"repeat","background-position":"center center","background-size":"auto","background-attachment":"scroll","background-type":"","background-media":"","overlay-type":"","overlay-color":"","overlay-opacity":"","overlay-gradient":""}},"_kadence_starter_templates_imported_post":false,"footnotes":""},"class_list":["post-2810","page","type-page","status-publish","hentry"],"yoast_head":"<!-- This site is optimized with the Yoast SEO plugin v27.4 - https:\/\/yoast.com\/product\/yoast-seo-wordpress\/ -->\n<title>Pol\u00edtica de cookies - Psicoeduca Lleida<\/title>\n<meta name=\"robots\" content=\"index, follow, max-snippet:-1, max-image-preview:large, max-video-preview:-1\" \/>\n<link rel=\"canonical\" href=\"https:\/\/psicoeducalleida.com\/es\/politica-de-cookies\/\" \/>\n<meta property=\"og:locale\" content=\"es_ES\" \/>\n<meta property=\"og:type\" content=\"article\" \/>\n<meta property=\"og:title\" content=\"Pol\u00edtica de cookies - Psicoeduca Lleida\" \/>\n<meta property=\"og:description\" content=\"Pol\u00edtica de cookies Qu\u00e8 s\u00f3n les cookies? Les cookies s\u00f3n petits fitxers de text que s\u2019emmagatzemen al teu navegador quan visites una p\u00e0gina web. Serveixen per garantir el correcte funcionament del lloc i, en alguns casos, per recollir informaci\u00f3 sobre la navegaci\u00f3. Quines cookies utilitza aquest lloc web? El lloc web de Psicoeduca Lleida nom\u00e9s [&hellip;]\" \/>\n<meta property=\"og:url\" content=\"https:\/\/psicoeducalleida.com\/es\/politica-de-cookies\/\" \/>\n<meta property=\"og:site_name\" content=\"Psicoeduca Lleida\" \/>\n<meta property=\"article:modified_time\" content=\"2025-05-12T14:26:13+00:00\" \/>\n<meta name=\"twitter:card\" content=\"summary_large_image\" \/>\n<meta name=\"twitter:label1\" content=\"Tiempo de lectura\" \/>\n\t<meta name=\"twitter:data1\" content=\"1 minuto\" \/>\n<script type=\"application\/ld+json\" class=\"yoast-schema-graph\">{\"@context\":\"https:\\\/\\\/schema.org\",\"@graph\":[{\"@type\":\"WebPage\",\"@id\":\"https:\\\/\\\/psicoeducalleida.com\\\/politica-de-cookies\\\/\",\"url\":\"https:\\\/\\\/psicoeducalleida.com\\\/politica-de-cookies\\\/\",\"name\":\"Pol\u00edtica de cookies - Psicoeduca Lleida\",\"isPartOf\":{\"@id\":\"https:\\\/\\\/psicoeducalleida.com\\\/#website\"},\"datePublished\":\"2025-05-12T14:20:08+00:00\",\"dateModified\":\"2025-05-12T14:26:13+00:00\",\"breadcrumb\":{\"@id\":\"https:\\\/\\\/psicoeducalleida.com\\\/politica-de-cookies\\\/#breadcrumb\"},\"inLanguage\":\"es\",\"potentialAction\":[{\"@type\":\"ReadAction\",\"target\":[\"https:\\\/\\\/psicoeducalleida.com\\\/politica-de-cookies\\\/\"]}]},{\"@type\":\"BreadcrumbList\",\"@id\":\"https:\\\/\\\/psicoeducalleida.com\\\/politica-de-cookies\\\/#breadcrumb\",\"itemListElement\":[{\"@type\":\"ListItem\",\"position\":1,\"name\":\"Portada\",\"item\":\"https:\\\/\\\/psicoeducalleida.com\\\/\"},{\"@type\":\"ListItem\",\"position\":2,\"name\":\"Pol\u00edtica de cookies\"}]},{\"@type\":\"WebSite\",\"@id\":\"https:\\\/\\\/psicoeducalleida.com\\\/#website\",\"url\":\"https:\\\/\\\/psicoeducalleida.com\\\/\",\"name\":\"Psicoeduca Lleida\",\"description\":\"Servei de psicologia i psicopedagogia a Lleida per a infants, joves i fam\u00edlies. Acompanyament personalitzat i professional\",\"publisher\":{\"@id\":\"https:\\\/\\\/psicoeducalleida.com\\\/#organization\"},\"potentialAction\":[{\"@type\":\"SearchAction\",\"target\":{\"@type\":\"EntryPoint\",\"urlTemplate\":\"https:\\\/\\\/psicoeducalleida.com\\\/?s={search_term_string}\"},\"query-input\":{\"@type\":\"PropertyValueSpecification\",\"valueRequired\":true,\"valueName\":\"search_term_string\"}}],\"inLanguage\":\"es\"},{\"@type\":\"Organization\",\"@id\":\"https:\\\/\\\/psicoeducalleida.com\\\/#organization\",\"name\":\"Psicoeduca Lleida\",\"url\":\"https:\\\/\\\/psicoeducalleida.com\\\/\",\"logo\":{\"@type\":\"ImageObject\",\"inLanguage\":\"es\",\"@id\":\"https:\\\/\\\/psicoeducalleida.com\\\/#\\\/schema\\\/logo\\\/image\\\/\",\"url\":\"https:\\\/\\\/psicoeducalleida.com\\\/wp-content\\\/uploads\\\/2025\\\/04\\\/cropped-cropped-logo-sin-fondo-final-2.png\",\"contentUrl\":\"https:\\\/\\\/psicoeducalleida.com\\\/wp-content\\\/uploads\\\/2025\\\/04\\\/cropped-cropped-logo-sin-fondo-final-2.png\",\"width\":1024,\"height\":524,\"caption\":\"Psicoeduca Lleida\"},\"image\":{\"@id\":\"https:\\\/\\\/psicoeducalleida.com\\\/#\\\/schema\\\/logo\\\/image\\\/\"}}]}<\/script>\n<!-- \/ Yoast SEO plugin. -->","yoast_head_json":{"title":"Pol\u00edtica de cookies - Psicoeduca Lleida","robots":{"index":"index","follow":"follow","max-snippet":"max-snippet:-1","max-image-preview":"max-image-preview:large","max-video-preview":"max-video-preview:-1"},"canonical":"https:\/\/psicoeducalleida.com\/es\/politica-de-cookies\/","og_locale":"es_ES","og_type":"article","og_title":"Pol\u00edtica de cookies - Psicoeduca Lleida","og_description":"Pol\u00edtica de cookies Qu\u00e8 s\u00f3n les cookies? Les cookies s\u00f3n petits fitxers de text que s\u2019emmagatzemen al teu navegador quan visites una p\u00e0gina web. Serveixen per garantir el correcte funcionament del lloc i, en alguns casos, per recollir informaci\u00f3 sobre la navegaci\u00f3. Quines cookies utilitza aquest lloc web? El lloc web de Psicoeduca Lleida nom\u00e9s [&hellip;]","og_url":"https:\/\/psicoeducalleida.com\/es\/politica-de-cookies\/","og_site_name":"Psicoeduca Lleida","article_modified_time":"2025-05-12T14:26:13+00:00","twitter_card":"summary_large_image","twitter_misc":{"Tiempo de lectura":"1 minuto"},"schema":{"@context":"https:\/\/schema.org","@graph":[{"@type":"WebPage","@id":"https:\/\/psicoeducalleida.com\/politica-de-cookies\/","url":"https:\/\/psicoeducalleida.com\/politica-de-cookies\/","name":"Pol\u00edtica de cookies - Psicoeduca Lleida","isPartOf":{"@id":"https:\/\/psicoeducalleida.com\/#website"},"datePublished":"2025-05-12T14:20:08+00:00","dateModified":"2025-05-12T14:26:13+00:00","breadcrumb":{"@id":"https:\/\/psicoeducalleida.com\/politica-de-cookies\/#breadcrumb"},"inLanguage":"es","potentialAction":[{"@type":"ReadAction","target":["https:\/\/psicoeducalleida.com\/politica-de-cookies\/"]}]},{"@type":"BreadcrumbList","@id":"https:\/\/psicoeducalleida.com\/politica-de-cookies\/#breadcrumb","itemListElement":[{"@type":"ListItem","position":1,"name":"Portada","item":"https:\/\/psicoeducalleida.com\/"},{"@type":"ListItem","position":2,"name":"Pol\u00edtica de cookies"}]},{"@type":"WebSite","@id":"https:\/\/psicoeducalleida.com\/#website","url":"https:\/\/psicoeducalleida.com\/","name":"Psicoeduca Lleida","description":"Servei de psicologia i psicopedagogia a Lleida per a infants, joves i fam\u00edlies. Acompanyament personalitzat i professional","publisher":{"@id":"https:\/\/psicoeducalleida.com\/#organization"},"potentialAction":[{"@type":"SearchAction","target":{"@type":"EntryPoint","urlTemplate":"https:\/\/psicoeducalleida.com\/?s={search_term_string}"},"query-input":{"@type":"PropertyValueSpecification","valueRequired":true,"valueName":"search_term_string"}}],"inLanguage":"es"},{"@type":"Organization","@id":"https:\/\/psicoeducalleida.com\/#organization","name":"Psicoeduca Lleida","url":"https:\/\/psicoeducalleida.com\/","logo":{"@type":"ImageObject","inLanguage":"es","@id":"https:\/\/psicoeducalleida.com\/#\/schema\/logo\/image\/","url":"https:\/\/psicoeducalleida.com\/wp-content\/uploads\/2025\/04\/cropped-cropped-logo-sin-fondo-final-2.png","contentUrl":"https:\/\/psicoeducalleida.com\/wp-content\/uploads\/2025\/04\/cropped-cropped-logo-sin-fondo-final-2.png","width":1024,"height":524,"caption":"Psicoeduca Lleida"},"image":{"@id":"https:\/\/psicoeducalleida.com\/#\/schema\/logo\/image\/"}}]}},"uagb_featured_image_src":{"full":false,"thumbnail":false,"medium":false,"medium_large":false,"large":false,"1536x1536":false,"2048x2048":false,"trp-custom-language-flag":false},"uagb_author_info":{"display_name":"fonfrialuna@gmail.com","author_link":"https:\/\/psicoeducalleida.com\/es\/author\/fonfrialunagmail-com\/"},"uagb_comment_info":0,"uagb_excerpt":"Pol\u00edtica de cookies Qu\u00e8 s\u00f3n les cookies? Les cookies s\u00f3n petits fitxers de text que s\u2019emmagatzemen al teu navegador quan visites una p\u00e0gina web. Serveixen per garantir el correcte funcionament del lloc i, en alguns casos, per recollir informaci\u00f3 sobre la navegaci\u00f3. Quines cookies utilitza aquest lloc web? El lloc web de Psicoeduca Lleida nom\u00e9s&hellip;","_links":{"self":[{"href":"https:\/\/psicoeducalleida.com\/es\/wp-json\/wp\/v2\/pages\/2810","targetHints":{"allow":["GET"]}}],"collection":[{"href":"https:\/\/psicoeducalleida.com\/es\/wp-json\/wp\/v2\/pages"}],"about":[{"href":"https:\/\/psicoeducalleida.com\/es\/wp-json\/wp\/v2\/types\/page"}],"author":[{"embeddable":true,"href":"https:\/\/psicoeducalleida.com\/es\/wp-json\/wp\/v2\/users\/1"}],"replies":[{"embeddable":true,"href":"https:\/\/psicoeducalleida.com\/es\/wp-json\/wp\/v2\/comments?post=2810"}],"version-history":[{"count":4,"href":"https:\/\/psicoeducalleida.com\/es\/wp-json\/wp\/v2\/pages\/2810\/revisions"}],"predecessor-version":[{"id":2819,"href":"https:\/\/psicoeducalleida.com\/es\/wp-json\/wp\/v2\/pages\/2810\/revisions\/2819"}],"wp:attachment":[{"href":"https:\/\/psicoeducalleida.com\/es\/wp-json\/wp\/v2\/media?parent=2810"}],"curies":[{"name":"wp","href":"https:\/\/api.w.org\/{rel}","templated":true}]}}