{"id":2640,"date":"2025-05-12T08:48:30","date_gmt":"2025-05-12T08:48:30","guid":{"rendered":"https:\/\/psicoeducalleida.com\/home\/"},"modified":"2025-05-14T08:17:42","modified_gmt":"2025-05-14T08:17:42","slug":"inici","status":"publish","type":"page","link":"https:\/\/psicoeducalleida.com\/es\/","title":{"rendered":"Inicio"},"content":{"rendered":"<div class=\"wp-block-uagb-container uagb-block-80f8b66e alignfull uagb-is-root-container\"><div class=\"uagb-container-inner-blocks-wrap\">\n<div class=\"wp-block-uagb-info-box uagb-block-ea1e98f0 uagb-infobox__content-wrap  uagb-infobox-icon-above-title uagb-infobox-image-valign-top\"><div class=\"uagb-ifb-content\"><div class=\"uagb-ifb-title-wrap\"><h3 class=\"uagb-ifb-title-prefix\">Gabinete de Psicopedagog\u00eda<\/h3><div class=\"uagb-ifb-separator\"><\/div><h1 class=\"uagb-ifb-title\">Psicoeduca Lleida<gwmw style=\"display:none;\"><gwmw style=\"display:none;\"><\/gwmw><\/gwmw><\/h1><\/div><div class=\"uagb-ifb-button-wrapper wp-block-button\"><a href=\"https:\/\/psicoeducalleida.com\/es\/serveis\/\" class=\"uagb-infobox-cta-link wp-block-button__link\" target=\"_self\" rel=\"noopener noreferrer\" onclick=\"return true;\"><span class=\"uagb-inline-editing\">SERVICIOS<\/span><\/a><\/div><\/div><\/div>\n<\/div><\/div>\n\n\n\n<div class=\"wp-block-group is-nowrap is-layout-flex wp-container-core-group-is-layout-6c531013 wp-block-group-is-layout-flex\">\n<div class=\"wp-block-uagb-container uagb-block-aee62949 alignfull uagb-is-root-container\"><div class=\"uagb-container-inner-blocks-wrap\">\n<div data-aos= \"fade-down\" data-aos-duration=\"400\" data-aos-delay=\"0\" data-aos-easing=\"ease\" data-aos-once=\"true\" class=\"wp-block-uagb-advanced-heading uagb-block-5d255cf4\"><h2 class=\"uagb-heading-text\">\u00bfC\u00f3mo podemos ayudarte?<\/h2><\/div>\n\n\n      \n\t\t\t<div class=\"uagb-icon-wrapper uagb-block-fc46e632\"\n\t\t\tstyle=\"\" >\n\t\t\t\t\t\t\t\t\t<span class=\"uagb-svg-wrapper\" \n\t\t\t\t\t aria-label=\"arrow-down\"\t\t\t\t\ttabindex=\"0\">\t\t\n\t\t\t\t\t\t\t\t\t\t<svg xmlns=\"https:\/\/www.w3.org\/2000\/svg\" viewbox= \"0 0 384 512\" role=\"graphics-symbol\" aria-hidden=\"false\" aria-label=\"\"><path d=\"M374.6 310.6l-160 160C208.4 476.9 200.2 480 192 480s-16.38-3.125-22.62-9.375l-160-160c-12.5-12.5-12.5-32.75 0-45.25s32.75-12.5 45.25 0L160 370.8V64c0-17.69 14.33-31.1 31.1-31.1S224 46.31 224 64v306.8l105.4-105.4c12.5-12.5 32.75-12.5 45.25 0S387.1 298.1 374.6 310.6z\"><\/path><\/svg>\n\t\t\t\t\t\t\t\t\t<\/span>\n\t\t\t\t\t\t\t<\/div>\n\t\t\t\n\n\n<div class=\"wp-block-uagb-container uagb-block-32b54f47\">\n<div data-aos= \"fade-up\" data-aos-duration=\"400\" data-aos-delay=\"0\" data-aos-easing=\"ease\" data-aos-once=\"true\" class=\"wp-block-uagb-info-box uagb-block-dacf7df8 uagb-infobox__content-wrap  uagb-infobox-icon-above-title uagb-infobox-image-valign-top\"><div class=\"uagb-ifb-content\"><div class=\"uagb-ifb-icon-wrap\"><svg xmlns=\"https:\/\/www.w3.org\/2000\/svg\" viewbox=\"0 0 640 512\"><path d=\"M0 383.9l64 .0404c17.75 0 32-14.29 32-32.03V128.3L0 128.3V383.9zM48 320.1c8.75 0 16 7.118 16 15.99c0 8.742-7.25 15.99-16 15.99S32 344.8 32 336.1C32 327.2 39.25 320.1 48 320.1zM348.8 64c-7.941 0-15.66 2.969-21.52 8.328L228.9 162.3C228.8 162.5 228.8 162.7 228.6 162.7C212 178.3 212.3 203.2 226.5 218.7c12.75 13.1 39.38 17.62 56.13 2.75C282.8 221.3 282.9 221.3 283 221.2l79.88-73.1c6.5-5.871 16.75-5.496 22.62 1c6 6.496 5.5 16.62-1 22.62l-26.12 23.87L504 313.7c2.875 2.496 5.5 4.996 7.875 7.742V127.1c-40.98-40.96-96.48-63.88-154.4-63.88L348.8 64zM334.6 217.4l-30 27.49c-29.75 27.11-75.25 24.49-101.8-4.371C176 211.2 178.1 165.7 207.3 138.9L289.1 64H282.5C224.7 64 169.1 87.08 128.2 127.9L128 351.8l18.25 .0369l90.5 81.82c27.5 22.37 67.75 18.12 90-9.246l18.12 15.24c15.88 12.1 39.38 10.5 52.38-5.371l31.38-38.6l5.374 4.498c13.75 11 33.88 9.002 45-4.748l9.538-11.78c11.12-13.75 9.036-33.78-4.694-44.93L334.6 217.4zM544 128.4v223.6c0 17.62 14.25 32.05 31.1 32.05L640 384V128.1L544 128.4zM592 352c-8.75 0-16-7.246-16-15.99c0-8.875 7.25-15.99 16-15.99S608 327.2 608 336.1C608 344.8 600.8 352 592 352z\"><\/path><\/svg><\/div><div class=\"uagb-ifb-title-wrap\"><h4 class=\"uagb-ifb-title\">Psicopedagog\u00eda<\/h4><\/div><div class=\"uagb-ifb-separator\"><\/div><p class=\"uagb-ifb-desc\">La&nbsp;<strong>psicopedagogia<\/strong>&nbsp;es una disciplina que integra conocimientos de la psicolog\u00eda y de la pedagog\u00eda con el objetivo de mejorar los procesos de aprendizaje y desarrollo personal de las personas, especialmente durante la etapa escolar, pero tambi\u00e9n a lo largo de toda la vida.<\/p><\/div><\/div>\n\n\n\n<div data-aos= \"fade-up\" data-aos-duration=\"400\" data-aos-delay=\"0\" data-aos-easing=\"ease\" data-aos-once=\"true\" class=\"wp-block-uagb-info-box uagb-block-bc51b5c7 uagb-infobox__content-wrap  uagb-infobox-icon-above-title uagb-infobox-image-valign-top\"><div class=\"uagb-ifb-content\"><div class=\"uagb-ifb-icon-wrap\"><svg xmlns=\"https:\/\/www.w3.org\/2000\/svg\" viewbox=\"0 0 512 512\"><path d=\"M184 0C214.9 0 240 25.07 240 56V456C240 486.9 214.9 512 184 512C155.1 512 131.3 490.1 128.3 461.9C123.1 463.3 117.6 464 112 464C76.65 464 48 435.3 48 400C48 392.6 49.27 385.4 51.59 378.8C21.43 367.4 0 338.2 0 304C0 272.1 18.71 244.5 45.77 231.7C37.15 220.8 32 206.1 32 192C32 161.3 53.59 135.7 82.41 129.4C80.84 123.9 80 118 80 112C80 82.06 100.6 56.92 128.3 49.93C131.3 21.86 155.1 0 184 0zM383.7 49.93C411.4 56.92 432 82.06 432 112C432 118 431.2 123.9 429.6 129.4C458.4 135.7 480 161.3 480 192C480 206.1 474.9 220.8 466.2 231.7C493.3 244.5 512 272.1 512 304C512 338.2 490.6 367.4 460.4 378.8C462.7 385.4 464 392.6 464 400C464 435.3 435.3 464 400 464C394.4 464 388.9 463.3 383.7 461.9C380.7 490.1 356.9 512 328 512C297.1 512 272 486.9 272 456V56C272 25.07 297.1 0 328 0C356.9 0 380.7 21.86 383.7 49.93z\"><\/path><\/svg><\/div><div class=\"uagb-ifb-title-wrap\"><h4 class=\"uagb-ifb-title\">Reeducaci\u00f3n<\/h4><\/div><div class=\"uagb-ifb-separator\"><\/div><p class=\"uagb-ifb-desc\">La&nbsp;<strong>reeducaci\u00f3 pedag\u00f2gica<\/strong>&nbsp;es una intervenci\u00f3n psicoeducativa dirigida a estimular y potenciar las habilidades cognitivas y conductuales de una persona.<br><\/p><\/div><\/div>\n\n\n\n<div data-aos= \"fade-up\" data-aos-duration=\"400\" data-aos-delay=\"0\" data-aos-easing=\"ease\" data-aos-once=\"true\" class=\"wp-block-uagb-info-box uagb-block-273c6546 uagb-infobox__content-wrap  uagb-infobox-icon-above-title uagb-infobox-image-valign-top\"><div class=\"uagb-ifb-content\"><div class=\"uagb-ifb-icon-wrap\"><svg xmlns=\"https:\/\/www.w3.org\/2000\/svg\" viewbox=\"0 0 512 512\"><path d=\"M288 256C288 273.7 273.7 288 256 288C238.3 288 224 273.7 224 256C224 238.3 238.3 224 256 224C273.7 224 288 238.3 288 256zM0 256C0 114.6 114.6 0 256 0C397.4 0 512 114.6 512 256C512 397.4 397.4 512 256 512C114.6 512 0 397.4 0 256zM325.1 306.7L380.6 162.4C388.1 142.1 369 123.9 349.6 131.4L205.3 186.9C196.8 190.1 190.1 196.8 186.9 205.3L131.4 349.6C123.9 369 142.1 388.1 162.4 380.6L306.7 325.1C315.2 321.9 321.9 315.2 325.1 306.7V306.7z\"><\/path><\/svg><\/div><div class=\"uagb-ifb-title-wrap\"><h4 class=\"uagb-ifb-title\">Orientaci\u00f3n familiar<\/h4><\/div><div class=\"uagb-ifb-separator\"><\/div><p class=\"uagb-ifb-desc\">Educar no siempre es f\u00e1cil. A veces nos faltan herramientas, informaci\u00f3n o simplemente alguien que nos acompa\u00f1e.&nbsp;<strong>L\u2019orientaci\u00f3 familiar<\/strong>&nbsp;ofrece apoyo y gu\u00eda para afrontar los retos cotidianos de la crianza.<br><\/p><\/div><\/div>\n<\/div>\n\n\n\n<div class=\"wp-block-uagb-buttons uagb-buttons__outer-wrap uagb-btn__default-btn uagb-btn-tablet__default-btn uagb-btn-mobile__default-btn uagb-block-808cb257\"><div class=\"uagb-buttons__wrap uagb-buttons-layout-wrap\">\n<div data-aos= \"fade-up\" data-aos-duration=\"400\" data-aos-delay=\"0\" data-aos-easing=\"ease\" data-aos-once=\"true\" class=\"wp-block-uagb-buttons-child uagb-buttons__outer-wrap uagb-block-c1f1e479 wp-block-button\"><div class=\"uagb-button__wrapper\"><a class=\"uagb-buttons-repeater wp-block-button__link\" aria-label=\"\" href=\"https:\/\/psicoeducalleida.com\/es\/serveis\/\" rel=\"follow noopener\" target=\"_self\" role=\"button\"><div class=\"uagb-button__link\">Tots els serveis<\/div><\/a><\/div><\/div>\n<\/div><\/div>\n<\/div><\/div>\n<\/div>\n\n\n\n<div class=\"wp-block-uagb-container uagb-block-0127aa57 alignfull uagb-is-root-container\"><div class=\"uagb-container-inner-blocks-wrap\">\n<div class=\"wp-block-uagb-container uagb-block-257d453e\">\n<div class=\"wp-block-uagb-info-box uagb-block-42add16d uagb-infobox__content-wrap  uagb-infobox-icon-above-title uagb-infobox-image-valign-top\"><div class=\"uagb-ifb-content\"><div class=\"uagb-ifb-title-wrap\"><h2 class=\"uagb-ifb-title\">Comprom\u00eds amb tu: professionalitat, qualitat i optimisme.<\/h2><\/div><div class=\"uagb-ifb-separator\"><\/div><p class=\"uagb-ifb-desc\">Nos exigimos <strong>calidad<\/strong> en cada proyecto, producto o servicio, porque sabemos que t\u00fa tambi\u00e9n la valoras.<br><br>Nos tomamos en serio cada reto y trabajamos con <strong>criterio y exigencia<\/strong> para ofrecerte lo mejor<br><br>Creemos en la <strong>personalizaci\u00f3n<\/strong> como clave del \u00e9xito. Cada cliente es \u00fanico, y as\u00ed lo hacemos notar: te escuchamos, te acompa\u00f1amos y nos adaptamos para que tu experiencia con nosotros sea realmente tuya.<br><br>Y todo esto, lo hacemos desde <strong>el optimismo<\/strong>, con una actitud positiva y constructiva que nos ayuda a crecer, superar obst\u00e1culos y transmitir confianza. Nos gusta lo que hacemos y eso se nota.<\/p><\/div><\/div>\n<\/div>\n<\/div><\/div>\n\n\n\n<div data-aos= \"fade-left\" data-aos-duration=\"400\" data-aos-delay=\"0\" data-aos-easing=\"ease\" data-aos-once=\"true\" class=\"wp-block-uagb-container uagb-block-68114d61 alignfull uagb-is-root-container\"><div class=\"uagb-container-inner-blocks-wrap\">\n<div class=\"wp-block-uagb-container uagb-block-3362e131\">\n<div class=\"wp-block-uagb-advanced-heading uagb-block-1e784fef\"><h3 class=\"uagb-heading-text\">\u00bfNecesitas ayuda? No dudes en contactar con nosotros<\/h3><\/div>\n\n\n\n<div class=\"wp-block-uagb-buttons uagb-buttons__outer-wrap uagb-btn__default-btn uagb-btn-tablet__default-btn uagb-btn-mobile__default-btn uagb-block-f8c68731\"><div class=\"uagb-buttons__wrap uagb-buttons-layout-wrap\">\n<div class=\"wp-block-uagb-buttons-child uagb-buttons__outer-wrap uagb-block-a9a93ef3 wp-block-button\"><div class=\"uagb-button__wrapper\"><a class=\"uagb-buttons-repeater wp-block-button__link\" aria-label=\"\" href=\"https:\/\/psicoeducalleida.com\/es\/contacta\/\" rel=\"follow noopener\" target=\"_self\" role=\"button\"><div class=\"uagb-button__link\">CONTACTO<\/div><\/a><\/div><\/div>\n<\/div><\/div>\n<\/div>\n<\/div><\/div>\n\n\n\n<p><\/p>","protected":false},"excerpt":{"rendered":"<p>Com podem ajudar-te?\u200b Necessites ajuda? No dubtis a contactar amb nosaltres<\/p>","protected":false},"author":1,"featured_media":0,"parent":0,"menu_order":0,"comment_status":"closed","ping_status":"closed","template":"","meta":{"_uag_custom_page_level_css":"","site-sidebar-layout":"no-sidebar","site-content-layout":"plain-container","ast-site-content-layout":"full-width-container","site-content-style":"unboxed","site-sidebar-style":"unboxed","ast-global-header-display":"","ast-banner-title-visibility":"","ast-main-header-display":"","ast-hfb-above-header-display":"","ast-hfb-below-header-display":"","ast-hfb-mobile-header-display":"","site-post-title":"disabled","ast-breadcrumbs-content":"","ast-featured-img":"","footer-sml-layout":"","ast-disable-related-posts":"","theme-transparent-header-meta":"enabled","adv-header-id-meta":"","stick-header-meta":"","header-above-stick-meta":"","header-main-stick-meta":"","header-below-stick-meta":"","astra-migrate-meta-layouts":"set","ast-page-background-enabled":"default","ast-page-background-meta":{"desktop":{"background-color":"","background-image":"","background-repeat":"repeat","background-position":"center center","background-size":"auto","background-attachment":"scroll","background-type":"","background-media":"","overlay-type":"","overlay-color":"","overlay-opacity":"","overlay-gradient":""},"tablet":{"background-color":"","background-image":"","background-repeat":"repeat","background-position":"center center","background-size":"auto","background-attachment":"scroll","background-type":"","background-media":"","overlay-type":"","overlay-color":"","overlay-opacity":"","overlay-gradient":""},"mobile":{"background-color":"","background-image":"","background-repeat":"repeat","background-position":"center center","background-size":"auto","background-attachment":"scroll","background-type":"","background-media":"","overlay-type":"","overlay-color":"","overlay-opacity":"","overlay-gradient":""}},"ast-content-background-meta":{"desktop":{"background-color":"var(--ast-global-color-5)","background-image":"","background-repeat":"repeat","background-position":"center center","background-size":"auto","background-attachment":"scroll","background-type":"","background-media":"","overlay-type":"","overlay-color":"","overlay-opacity":"","overlay-gradient":""},"tablet":{"background-color":"var(--ast-global-color-5)","background-image":"","background-repeat":"repeat","background-position":"center center","background-size":"auto","background-attachment":"scroll","background-type":"","background-media":"","overlay-type":"","overlay-color":"","overlay-opacity":"","overlay-gradient":""},"mobile":{"background-color":"var(--ast-global-color-5)","background-image":"","background-repeat":"repeat","background-position":"center center","background-size":"auto","background-attachment":"scroll","background-type":"","background-media":"","overlay-type":"","overlay-color":"","overlay-opacity":"","overlay-gradient":""}},"_kadence_starter_templates_imported_post":false,"footnotes":""},"class_list":["post-2640","page","type-page","status-publish","hentry"],"yoast_head":"<!-- This site is optimized with the Yoast SEO plugin v27.4 - https:\/\/yoast.com\/product\/yoast-seo-wordpress\/ -->\n<title>Inici - Psicoeduca Lleida<\/title>\n<meta name=\"description\" content=\"Psicoeduca Lleida es un gabinet de Psicopedagogia a Lleida, on ens exigim qualitat en cada projecte, producte o servei, perqu\u00e8 sabem que tu tamb\u00e9 la valores.Ens prenem seriosament cada repte i treballem amb criteri i exig\u00e8ncia per oferir-te el millor.Creiem en la personalitzaci\u00f3 com a clau de l\u2019\u00e8xit. Cada client \u00e9s \u00fanic, i aix\u00ed ho fem notar.\" \/>\n<meta name=\"robots\" content=\"index, follow, max-snippet:-1, max-image-preview:large, max-video-preview:-1\" \/>\n<link rel=\"canonical\" href=\"https:\/\/psicoeducalleida.com\/es\/\" \/>\n<meta property=\"og:locale\" content=\"es_ES\" \/>\n<meta property=\"og:type\" content=\"article\" \/>\n<meta property=\"og:title\" content=\"Inici - Psicoeduca Lleida\" \/>\n<meta property=\"og:description\" content=\"Psicoeduca Lleida es un gabinet de Psicopedagogia a Lleida, on ens exigim qualitat en cada projecte, producte o servei, perqu\u00e8 sabem que tu tamb\u00e9 la valores.Ens prenem seriosament cada repte i treballem amb criteri i exig\u00e8ncia per oferir-te el millor.Creiem en la personalitzaci\u00f3 com a clau de l\u2019\u00e8xit. Cada client \u00e9s \u00fanic, i aix\u00ed ho fem notar.\" \/>\n<meta property=\"og:url\" content=\"https:\/\/psicoeducalleida.com\/es\/\" \/>\n<meta property=\"og:site_name\" content=\"Psicoeduca Lleida\" \/>\n<meta property=\"article:modified_time\" content=\"2025-05-14T08:17:42+00:00\" \/>\n<meta name=\"twitter:card\" content=\"summary_large_image\" \/>\n<script type=\"application\/ld+json\" class=\"yoast-schema-graph\">{\"@context\":\"https:\\\/\\\/schema.org\",\"@graph\":[{\"@type\":\"WebPage\",\"@id\":\"https:\\\/\\\/psicoeducalleida.com\\\/\",\"url\":\"https:\\\/\\\/psicoeducalleida.com\\\/\",\"name\":\"Inici - Psicoeduca Lleida\",\"isPartOf\":{\"@id\":\"https:\\\/\\\/psicoeducalleida.com\\\/#website\"},\"datePublished\":\"2025-05-12T08:48:30+00:00\",\"dateModified\":\"2025-05-14T08:17:42+00:00\",\"description\":\"Psicoeduca Lleida es un gabinet de Psicopedagogia a Lleida, on ens exigim qualitat en cada projecte, producte o servei, perqu\u00e8 sabem que tu tamb\u00e9 la valores.Ens prenem seriosament cada repte i treballem amb criteri i exig\u00e8ncia per oferir-te el millor.Creiem en la personalitzaci\u00f3 com a clau de l\u2019\u00e8xit. Cada client \u00e9s \u00fanic, i aix\u00ed ho fem notar.\",\"breadcrumb\":{\"@id\":\"https:\\\/\\\/psicoeducalleida.com\\\/#breadcrumb\"},\"inLanguage\":\"es\",\"potentialAction\":[{\"@type\":\"ReadAction\",\"target\":[\"https:\\\/\\\/psicoeducalleida.com\\\/\"]}]},{\"@type\":\"BreadcrumbList\",\"@id\":\"https:\\\/\\\/psicoeducalleida.com\\\/#breadcrumb\",\"itemListElement\":[{\"@type\":\"ListItem\",\"position\":1,\"name\":\"Portada\",\"item\":\"https:\\\/\\\/psicoeducalleida.com\\\/\"},{\"@type\":\"ListItem\",\"position\":2,\"name\":\"Inici\"}]},{\"@type\":\"WebSite\",\"@id\":\"https:\\\/\\\/psicoeducalleida.com\\\/#website\",\"url\":\"https:\\\/\\\/psicoeducalleida.com\\\/\",\"name\":\"Psicoeduca Lleida\",\"description\":\"Servei de psicologia i psicopedagogia a Lleida per a infants, joves i fam\u00edlies. Acompanyament personalitzat i professional\",\"publisher\":{\"@id\":\"https:\\\/\\\/psicoeducalleida.com\\\/#organization\"},\"potentialAction\":[{\"@type\":\"SearchAction\",\"target\":{\"@type\":\"EntryPoint\",\"urlTemplate\":\"https:\\\/\\\/psicoeducalleida.com\\\/?s={search_term_string}\"},\"query-input\":{\"@type\":\"PropertyValueSpecification\",\"valueRequired\":true,\"valueName\":\"search_term_string\"}}],\"inLanguage\":\"es\"},{\"@type\":\"Organization\",\"@id\":\"https:\\\/\\\/psicoeducalleida.com\\\/#organization\",\"name\":\"Psicoeduca Lleida\",\"url\":\"https:\\\/\\\/psicoeducalleida.com\\\/\",\"logo\":{\"@type\":\"ImageObject\",\"inLanguage\":\"es\",\"@id\":\"https:\\\/\\\/psicoeducalleida.com\\\/#\\\/schema\\\/logo\\\/image\\\/\",\"url\":\"https:\\\/\\\/psicoeducalleida.com\\\/wp-content\\\/uploads\\\/2025\\\/04\\\/cropped-cropped-logo-sin-fondo-final-2.png\",\"contentUrl\":\"https:\\\/\\\/psicoeducalleida.com\\\/wp-content\\\/uploads\\\/2025\\\/04\\\/cropped-cropped-logo-sin-fondo-final-2.png\",\"width\":1024,\"height\":524,\"caption\":\"Psicoeduca Lleida\"},\"image\":{\"@id\":\"https:\\\/\\\/psicoeducalleida.com\\\/#\\\/schema\\\/logo\\\/image\\\/\"}}]}<\/script>\n<!-- \/ Yoast SEO plugin. -->","yoast_head_json":{"title":"Inici - Psicoeduca Lleida","description":"Psicoeduca Lleida es un gabinet de Psicopedagogia a Lleida, on ens exigim qualitat en cada projecte, producte o servei, perqu\u00e8 sabem que tu tamb\u00e9 la valores.Ens prenem seriosament cada repte i treballem amb criteri i exig\u00e8ncia per oferir-te el millor.Creiem en la personalitzaci\u00f3 com a clau de l\u2019\u00e8xit. Cada client \u00e9s \u00fanic, i aix\u00ed ho fem notar.","robots":{"index":"index","follow":"follow","max-snippet":"max-snippet:-1","max-image-preview":"max-image-preview:large","max-video-preview":"max-video-preview:-1"},"canonical":"https:\/\/psicoeducalleida.com\/es\/","og_locale":"es_ES","og_type":"article","og_title":"Inici - Psicoeduca Lleida","og_description":"Psicoeduca Lleida es un gabinet de Psicopedagogia a Lleida, on ens exigim qualitat en cada projecte, producte o servei, perqu\u00e8 sabem que tu tamb\u00e9 la valores.Ens prenem seriosament cada repte i treballem amb criteri i exig\u00e8ncia per oferir-te el millor.Creiem en la personalitzaci\u00f3 com a clau de l\u2019\u00e8xit. Cada client \u00e9s \u00fanic, i aix\u00ed ho fem notar.","og_url":"https:\/\/psicoeducalleida.com\/es\/","og_site_name":"Psicoeduca Lleida","article_modified_time":"2025-05-14T08:17:42+00:00","twitter_card":"summary_large_image","schema":{"@context":"https:\/\/schema.org","@graph":[{"@type":"WebPage","@id":"https:\/\/psicoeducalleida.com\/","url":"https:\/\/psicoeducalleida.com\/","name":"Inici - Psicoeduca Lleida","isPartOf":{"@id":"https:\/\/psicoeducalleida.com\/#website"},"datePublished":"2025-05-12T08:48:30+00:00","dateModified":"2025-05-14T08:17:42+00:00","description":"Psicoeduca Lleida es un gabinet de Psicopedagogia a Lleida, on ens exigim qualitat en cada projecte, producte o servei, perqu\u00e8 sabem que tu tamb\u00e9 la valores.Ens prenem seriosament cada repte i treballem amb criteri i exig\u00e8ncia per oferir-te el millor.Creiem en la personalitzaci\u00f3 com a clau de l\u2019\u00e8xit. Cada client \u00e9s \u00fanic, i aix\u00ed ho fem notar.","breadcrumb":{"@id":"https:\/\/psicoeducalleida.com\/#breadcrumb"},"inLanguage":"es","potentialAction":[{"@type":"ReadAction","target":["https:\/\/psicoeducalleida.com\/"]}]},{"@type":"BreadcrumbList","@id":"https:\/\/psicoeducalleida.com\/#breadcrumb","itemListElement":[{"@type":"ListItem","position":1,"name":"Portada","item":"https:\/\/psicoeducalleida.com\/"},{"@type":"ListItem","position":2,"name":"Inici"}]},{"@type":"WebSite","@id":"https:\/\/psicoeducalleida.com\/#website","url":"https:\/\/psicoeducalleida.com\/","name":"Psicoeduca Lleida","description":"Servei de psicologia i psicopedagogia a Lleida per a infants, joves i fam\u00edlies. Acompanyament personalitzat i professional","publisher":{"@id":"https:\/\/psicoeducalleida.com\/#organization"},"potentialAction":[{"@type":"SearchAction","target":{"@type":"EntryPoint","urlTemplate":"https:\/\/psicoeducalleida.com\/?s={search_term_string}"},"query-input":{"@type":"PropertyValueSpecification","valueRequired":true,"valueName":"search_term_string"}}],"inLanguage":"es"},{"@type":"Organization","@id":"https:\/\/psicoeducalleida.com\/#organization","name":"Psicoeduca Lleida","url":"https:\/\/psicoeducalleida.com\/","logo":{"@type":"ImageObject","inLanguage":"es","@id":"https:\/\/psicoeducalleida.com\/#\/schema\/logo\/image\/","url":"https:\/\/psicoeducalleida.com\/wp-content\/uploads\/2025\/04\/cropped-cropped-logo-sin-fondo-final-2.png","contentUrl":"https:\/\/psicoeducalleida.com\/wp-content\/uploads\/2025\/04\/cropped-cropped-logo-sin-fondo-final-2.png","width":1024,"height":524,"caption":"Psicoeduca Lleida"},"image":{"@id":"https:\/\/psicoeducalleida.com\/#\/schema\/logo\/image\/"}}]}},"uagb_featured_image_src":{"full":false,"thumbnail":false,"medium":false,"medium_large":false,"large":false,"1536x1536":false,"2048x2048":false,"trp-custom-language-flag":false},"uagb_author_info":{"display_name":"fonfrialuna@gmail.com","author_link":"https:\/\/psicoeducalleida.com\/es\/author\/fonfrialunagmail-com\/"},"uagb_comment_info":0,"uagb_excerpt":"Com podem ajudar-te?\u200b Necessites ajuda? No dubtis a contactar amb nosaltres","_links":{"self":[{"href":"https:\/\/psicoeducalleida.com\/es\/wp-json\/wp\/v2\/pages\/2640","targetHints":{"allow":["GET"]}}],"collection":[{"href":"https:\/\/psicoeducalleida.com\/es\/wp-json\/wp\/v2\/pages"}],"about":[{"href":"https:\/\/psicoeducalleida.com\/es\/wp-json\/wp\/v2\/types\/page"}],"author":[{"embeddable":true,"href":"https:\/\/psicoeducalleida.com\/es\/wp-json\/wp\/v2\/users\/1"}],"replies":[{"embeddable":true,"href":"https:\/\/psicoeducalleida.com\/es\/wp-json\/wp\/v2\/comments?post=2640"}],"version-history":[{"count":30,"href":"https:\/\/psicoeducalleida.com\/es\/wp-json\/wp\/v2\/pages\/2640\/revisions"}],"predecessor-version":[{"id":2884,"href":"https:\/\/psicoeducalleida.com\/es\/wp-json\/wp\/v2\/pages\/2640\/revisions\/2884"}],"wp:attachment":[{"href":"https:\/\/psicoeducalleida.com\/es\/wp-json\/wp\/v2\/media?parent=2640"}],"curies":[{"name":"wp","href":"https:\/\/api.w.org\/{rel}","templated":true}]}}