{"id":2636,"date":"2025-05-12T08:48:29","date_gmt":"2025-05-12T08:48:29","guid":{"rendered":"https:\/\/psicoeducalleida.com\/about\/"},"modified":"2025-05-16T12:28:04","modified_gmt":"2025-05-16T12:28:04","slug":"nosaltres","status":"publish","type":"page","link":"https:\/\/psicoeducalleida.com\/es\/nosaltres\/","title":{"rendered":"Nosotros"},"content":{"rendered":"<div class=\"wp-block-uagb-container uagb-layout-flex uagb-block-25efe059 alignfull uagb-is-root-container\"><div class=\"uagb-container-inner-blocks-wrap\">\n<div class=\"wp-block-uagb-advanced-heading uagb-block-152b2cf8\"><h1 class=\"uagb-heading-text\">Nosotros<\/h1><\/div>\n<\/div><\/div>\n\n\n\n<div class=\"wp-block-uagb-container uagb-layout-grid uagb-block-c07c1ca2 alignfull uagb-is-root-container\"><div class=\"uagb-container-inner-blocks-wrap\">\n<div data-aos= \"fade-right\" data-aos-duration=\"400\" data-aos-delay=\"0\" data-aos-easing=\"ease\" data-aos-once=\"true\" class=\"wp-block-uagb-info-box uagb-block-439a912a uagb-infobox__content-wrap  uagb-infobox-icon-above-title uagb-infobox-image-valign-top\"><div class=\"uagb-ifb-content\"><div class=\"uagb-ifb-title-wrap\"><h2 class=\"uagb-ifb-title\">Nuestra misi\u00f3n<\/h2><\/div><div class=\"uagb-ifb-separator\"><\/div><p class=\"uagb-ifb-desc\">En Psicoeduca, nuestro enfoque se basa en el respeto y la personalizaci\u00f3n de cada intervenci\u00f3n, poniendo siempre a las personas en el centro. Entendemos que cada ni\u00f1o, ni\u00f1a, adolescente o joven es \u00fanico, con sus propias caracter\u00edsticas, necesidades y ritmos de aprendizaje. Por eso, adaptamos nuestras intervenciones de manera individualizada, para conseguir los mejores resultados posibles en cada caso.<br><br>Nos mueven valores como la profesionalidad, la calidad, la confidencialidad y, sobre todo, el trato humano.<\/p><\/div><\/div>\n\n\n\n<div data-aos= \"fade-left\" data-aos-duration=\"400\" data-aos-delay=\"0\" data-aos-easing=\"ease\" data-aos-once=\"true\" class=\"wp-block-uagb-image uagb-block-c2362fda wp-block-uagb-image--layout-default wp-block-uagb-image--effect-static wp-block-uagb-image--align-none\"><figure class=\"wp-block-uagb-image__figure\"><img decoding=\"async\" srcset=\"https:\/\/psicoeducalleida.com\/wp-content\/uploads\/2025\/05\/IMG-20250504-WA0010-e1747054965808-1024x668.jpg ,https:\/\/psicoeducalleida.com\/wp-content\/uploads\/2025\/05\/IMG-20250504-WA0010-e1747054965808.jpg 780w, https:\/\/psicoeducalleida.com\/wp-content\/uploads\/2025\/05\/IMG-20250504-WA0010-e1747054965808.jpg 360w\" sizes=\"auto, (max-width: 480px) 150px\" src=\"https:\/\/psicoeducalleida.com\/wp-content\/uploads\/2025\/05\/IMG-20250504-WA0010-e1747054965808-1024x668.jpg\" alt=\"\" class=\"uag-image-2144\" width=\"550\" height=\"347\" title=\"IMG-20250504-WA0010\" loading=\"lazy\" role=\"img\"\/><\/figure><\/div>\n<\/div><\/div>\n\n\n\n<div data-aos= \"fade-up\" data-aos-duration=\"400\" data-aos-delay=\"0\" data-aos-easing=\"ease\" data-aos-once=\"true\" class=\"wp-block-uagb-container uagb-block-6915a1c8 alignfull uagb-is-root-container\"><div class=\"uagb-container-inner-blocks-wrap\">\n<p>Nuestro trabajo consiste en un seguimiento constante del proceso, ajustando las actividades y estrategias a medida que conocemos mejor lo que cada persona necesita. As\u00ed, podemos garantizar que cada intervenci\u00f3n sea efectiva y adecuada al perfil del ni\u00f1o o joven con quien trabajamos.<br>La comunicaci\u00f3n con los padres es fundamental. Mantenemos una relaci\u00f3n constante con las familias para realizar un trabajo conjunto, porque creemos que la educaci\u00f3n y el bienestar emocional se fomentan mejor cuando hay una colaboraci\u00f3n activa entre la escuela, la familia y los profesionales. Adem\u00e1s, sabemos que la comunicaci\u00f3n con la escuela es esencial para asegurarnos de que las intervenciones est\u00e9n alineadas con el trabajo que se hace en el aula. Nos ponemos en contacto con los centros escolares para coordinar esfuerzos y garantizar una atenci\u00f3n integral y coherente a los ni\u00f1os y j\u00f3venes.<br><br>A <strong>Psicoeduca<\/strong>, nos mueven valores como la profesionalidad, la calidad, la confidencialidad y, sobre todo, el trato humano. Nos comprometemos a ofrecer un acompa\u00f1amiento cercano y respetuoso, orientado a mejorar la calidad de vida de los ni\u00f1os, adolescentes y j\u00f3venes que atendemos.<br>Ofrecemos intervenciones preventivas y diagn\u00f3sticas, y tambi\u00e9n orientamos a las familias en la educaci\u00f3n de sus hijos a trav\u00e9s de planificaciones concretas, que les ayudan a afrontar los retos diarios y a potenciar el desarrollo emocional y acad\u00e9mico de sus hijos.<\/p>\n<\/div><\/div>\n\n\n\n<div style=\"height:70px\" aria-hidden=\"true\" class=\"wp-block-spacer\"><\/div>\n\n\n\n<div data-aos= \"fade-right\" data-aos-duration=\"400\" data-aos-delay=\"0\" data-aos-easing=\"ease\" data-aos-once=\"true\" class=\"wp-block-uagb-container uagb-block-6be2b15c alignfull uagb-is-root-container\"><div class=\"uagb-container-inner-blocks-wrap\">\n<div class=\"wp-block-uagb-container uagb-block-353304c8\">\n<figure class=\"wp-block-image size-full is-style-default\"><img loading=\"lazy\" decoding=\"async\" width=\"987\" height=\"1283\" src=\"https:\/\/psicoeducalleida.com\/wp-content\/uploads\/2025\/05\/IMG-20250504-WA0002-e1746434700632.jpg\" alt=\"\" class=\"wp-image-2189\" srcset=\"https:\/\/psicoeducalleida.com\/wp-content\/uploads\/2025\/05\/IMG-20250504-WA0002-e1746434700632.jpg 987w, https:\/\/psicoeducalleida.com\/wp-content\/uploads\/2025\/05\/IMG-20250504-WA0002-e1746434700632-231x300.jpg 231w, https:\/\/psicoeducalleida.com\/wp-content\/uploads\/2025\/05\/IMG-20250504-WA0002-e1746434700632-788x1024.jpg 788w, https:\/\/psicoeducalleida.com\/wp-content\/uploads\/2025\/05\/IMG-20250504-WA0002-e1746434700632-768x998.jpg 768w, https:\/\/psicoeducalleida.com\/wp-content\/uploads\/2025\/05\/IMG-20250504-WA0002-e1746434700632-9x12.jpg 9w\" sizes=\"auto, (max-width: 987px) 100vw, 987px\" \/><\/figure>\n<\/div>\n\n\n\n<div class=\"wp-block-uagb-container uagb-block-2c8ec2cd\">\n<p>Hola, soy Gemma.<br>Soy maestra por vocaci\u00f3n, pero mi inquietud profesional me llev\u00f3 a seguir form\u00e1ndome y adentrarme en el mundo de la psicopedagog\u00eda.<\/p>\n\n\n\n<p>Como maestra, siempre me ha apasionado poder sacar lo mejor de cada ni\u00f1o y ni\u00f1a, ayudarles a crecer y, sobre todo, a ser felices. Hace m\u00e1s de treinta a\u00f1os que trabajo en una escuela de Lleida, donde he desarrollado diferentes roles: maestra, coordinadora de etapa y responsable de la atenci\u00f3n a la diversidad. Esta trayectoria me ha proporcionado un bagaje rico en experiencias que me ha permitido reflexionar y analizar en profundidad los procesos de aprendizaje que conducen \u2014o no\u2014 al \u00e9xito educativo del alumnado. Creo firmemente que la educaci\u00f3n va mucho m\u00e1s all\u00e1 de lo que sucede en las aulas durante la infancia y la adolescencia. El aprendizaje es un proceso vitalicio y, por su complejidad, debe ser abordado desde diversas disciplinas que estudian y acompa\u00f1an el desarrollo de la mente humana. Es por eso que me gusta incidir en \u00e9l desde las diversas perspectivas en las que tengo experiencia.<br><\/p>\n<\/div>\n<\/div><\/div>\n\n\n\n<div data-aos= \"fade-left\" data-aos-duration=\"400\" data-aos-delay=\"0\" data-aos-easing=\"ease\" data-aos-once=\"true\" class=\"wp-block-uagb-container uagb-block-11358d84 alignfull uagb-is-root-container\"><div class=\"uagb-container-inner-blocks-wrap\">\n<p><br>Otra de mis pasiones es la formaci\u00f3n de padres y madres, para ayudarlos en su tarea educativa y formativa. Mi experiencia como madre de familia numerosa y como maestra me ha dado una visi\u00f3n realista tanto del \u00e1mbito escolar como del familiar, y me ha ayudado a encontrar el equilibrio entre lo que ser\u00eda ideal y lo que realmente nos permite el d\u00eda a d\u00eda. Desde hace tiempo, dedico parte de mi tiempo a moderar cursos de formaci\u00f3n para familias, con el objetivo de acompa\u00f1arlas en este maravilloso y complejo camino que es educar.<\/p>\n\n\n\n<div style=\"height:40px\" aria-hidden=\"true\" class=\"wp-block-spacer\"><\/div>\n\n\n\n<h3 class=\"wp-block-heading\">Formaci\u00f3n:<\/h3>\n\n\n\n<ul class=\"wp-block-list\">\n<li>Diplomada en Formaci\u00f3n del Profesorado de Educaci\u00f3n General B\u00e1sica.<\/li>\n\n\n\n<li>Licenciada en Psicopedagog\u00eda.<\/li>\n\n\n\n<li>Postgrado en Liderazgo y Direcci\u00f3n de Centros Educativos.<\/li>\n\n\n\n<li>PIMOF (Programa de Iniciaci\u00f3n para Moderadores de Orientaci\u00f3n Familiar).<\/li>\n\n\n\n<li>Practitioner en PNL (Programaci\u00f3n Neuroling\u00fc\u00edstica).<\/li>\n\n\n\n<li>Experta en mediaci\u00f3 i acompanyament familiar.<\/li>\n<\/ul>\n<\/div><\/div>\n\n\n\n<div style=\"height:100px\" aria-hidden=\"true\" class=\"wp-block-spacer\"><\/div>","protected":false},"excerpt":{"rendered":"<p>Nosaltres El nostre treball consisteix en un seguiment constant del proc\u00e9s, ajustant les activitats i estrat\u00e8gies a mesura que coneixem millor el que cada persona necessita. Aix\u00ed, podem garantir que cada intervenci\u00f3 sigui efectiva i adequada al perfil de l\u2019infant o jove amb qui treballem.La comunicaci\u00f3 amb els pares \u00e9s fonamental. Mantinguem una relaci\u00f3 constant [&hellip;]<\/p>","protected":false},"author":1,"featured_media":0,"parent":0,"menu_order":0,"comment_status":"closed","ping_status":"closed","template":"","meta":{"_uag_custom_page_level_css":"","site-sidebar-layout":"no-sidebar","site-content-layout":"plain-container","ast-site-content-layout":"full-width-container","site-content-style":"unboxed","site-sidebar-style":"unboxed","ast-global-header-display":"","ast-banner-title-visibility":"","ast-main-header-display":"","ast-hfb-above-header-display":"","ast-hfb-below-header-display":"","ast-hfb-mobile-header-display":"","site-post-title":"disabled","ast-breadcrumbs-content":"","ast-featured-img":"disabled","footer-sml-layout":"","ast-disable-related-posts":"","theme-transparent-header-meta":"enabled","adv-header-id-meta":"","stick-header-meta":"","header-above-stick-meta":"","header-main-stick-meta":"","header-below-stick-meta":"","astra-migrate-meta-layouts":"set","ast-page-background-enabled":"default","ast-page-background-meta":{"desktop":{"background-color":"","background-image":"","background-repeat":"repeat","background-position":"center center","background-size":"auto","background-attachment":"scroll","background-type":"","background-media":"","overlay-type":"","overlay-color":"","overlay-opacity":"","overlay-gradient":""},"tablet":{"background-color":"","background-image":"","background-repeat":"repeat","background-position":"center center","background-size":"auto","background-attachment":"scroll","background-type":"","background-media":"","overlay-type":"","overlay-color":"","overlay-opacity":"","overlay-gradient":""},"mobile":{"background-color":"","background-image":"","background-repeat":"repeat","background-position":"center center","background-size":"auto","background-attachment":"scroll","background-type":"","background-media":"","overlay-type":"","overlay-color":"","overlay-opacity":"","overlay-gradient":""}},"ast-content-background-meta":{"desktop":{"background-color":"var(--ast-global-color-5)","background-image":"","background-repeat":"repeat","background-position":"center center","background-size":"auto","background-attachment":"scroll","background-type":"","background-media":"","overlay-type":"","overlay-color":"","overlay-opacity":"","overlay-gradient":""},"tablet":{"background-color":"var(--ast-global-color-5)","background-image":"","background-repeat":"repeat","background-position":"center center","background-size":"auto","background-attachment":"scroll","background-type":"","background-media":"","overlay-type":"","overlay-color":"","overlay-opacity":"","overlay-gradient":""},"mobile":{"background-color":"var(--ast-global-color-5)","background-image":"","background-repeat":"repeat","background-position":"center center","background-size":"auto","background-attachment":"scroll","background-type":"","background-media":"","overlay-type":"","overlay-color":"","overlay-opacity":"","overlay-gradient":""}},"_kadence_starter_templates_imported_post":false,"footnotes":""},"class_list":["post-2636","page","type-page","status-publish","hentry"],"yoast_head":"<!-- This site is optimized with the Yoast SEO plugin v27.4 - https:\/\/yoast.com\/product\/yoast-seo-wordpress\/ -->\n<title>Nosaltres - Psicoeduca Lleida<\/title>\n<meta name=\"description\" content=\"Psicoeduca Lleida es un gabinet de Psicopedagogia a Lleida, on ens exigim qualitat en cada projecte, producte o servei, perqu\u00e8 sabem que tu tamb\u00e9 la valores.Ens prenem seriosament cada repte i treballem amb criteri i exig\u00e8ncia per oferir-te el millor.Creiem en la personalitzaci\u00f3 com a clau de l\u2019\u00e8xit. Cada client \u00e9s \u00fanic, i aix\u00ed ho fem notar.\" \/>\n<meta name=\"robots\" content=\"index, follow, max-snippet:-1, max-image-preview:large, max-video-preview:-1\" \/>\n<link rel=\"canonical\" href=\"https:\/\/psicoeducalleida.com\/es\/nosaltres\/\" \/>\n<meta property=\"og:locale\" content=\"es_ES\" \/>\n<meta property=\"og:type\" content=\"article\" \/>\n<meta property=\"og:title\" content=\"Nosaltres - Psicoeduca Lleida\" \/>\n<meta property=\"og:description\" content=\"Psicoeduca Lleida es un gabinet de Psicopedagogia a Lleida, on ens exigim qualitat en cada projecte, producte o servei, perqu\u00e8 sabem que tu tamb\u00e9 la valores.Ens prenem seriosament cada repte i treballem amb criteri i exig\u00e8ncia per oferir-te el millor.Creiem en la personalitzaci\u00f3 com a clau de l\u2019\u00e8xit. Cada client \u00e9s \u00fanic, i aix\u00ed ho fem notar.\" \/>\n<meta property=\"og:url\" content=\"https:\/\/psicoeducalleida.com\/es\/nosaltres\/\" \/>\n<meta property=\"og:site_name\" content=\"Psicoeduca Lleida\" \/>\n<meta property=\"article:modified_time\" content=\"2025-05-16T12:28:04+00:00\" \/>\n<meta property=\"og:image\" content=\"https:\/\/psicoeducalleida.com\/wp-content\/uploads\/2025\/05\/IMG-20250504-WA0010-e1747054965808-1024x668.jpg\" \/>\n<meta name=\"twitter:card\" content=\"summary_large_image\" \/>\n<meta name=\"twitter:label1\" content=\"Tiempo de lectura\" \/>\n\t<meta name=\"twitter:data1\" content=\"4 minutos\" \/>\n<script type=\"application\/ld+json\" class=\"yoast-schema-graph\">{\"@context\":\"https:\\\/\\\/schema.org\",\"@graph\":[{\"@type\":\"WebPage\",\"@id\":\"https:\\\/\\\/psicoeducalleida.com\\\/nosaltres\\\/\",\"url\":\"https:\\\/\\\/psicoeducalleida.com\\\/nosaltres\\\/\",\"name\":\"Nosaltres - Psicoeduca Lleida\",\"isPartOf\":{\"@id\":\"https:\\\/\\\/psicoeducalleida.com\\\/#website\"},\"primaryImageOfPage\":{\"@id\":\"https:\\\/\\\/psicoeducalleida.com\\\/nosaltres\\\/#primaryimage\"},\"image\":{\"@id\":\"https:\\\/\\\/psicoeducalleida.com\\\/nosaltres\\\/#primaryimage\"},\"thumbnailUrl\":\"https:\\\/\\\/psicoeducalleida.com\\\/wp-content\\\/uploads\\\/2025\\\/05\\\/IMG-20250504-WA0010-e1747054965808-1024x668.jpg\",\"datePublished\":\"2025-05-12T08:48:29+00:00\",\"dateModified\":\"2025-05-16T12:28:04+00:00\",\"description\":\"Psicoeduca Lleida es un gabinet de Psicopedagogia a Lleida, on ens exigim qualitat en cada projecte, producte o servei, perqu\u00e8 sabem que tu tamb\u00e9 la valores.Ens prenem seriosament cada repte i treballem amb criteri i exig\u00e8ncia per oferir-te el millor.Creiem en la personalitzaci\u00f3 com a clau de l\u2019\u00e8xit. Cada client \u00e9s \u00fanic, i aix\u00ed ho fem notar.\",\"breadcrumb\":{\"@id\":\"https:\\\/\\\/psicoeducalleida.com\\\/nosaltres\\\/#breadcrumb\"},\"inLanguage\":\"es\",\"potentialAction\":[{\"@type\":\"ReadAction\",\"target\":[\"https:\\\/\\\/psicoeducalleida.com\\\/nosaltres\\\/\"]}]},{\"@type\":\"ImageObject\",\"inLanguage\":\"es\",\"@id\":\"https:\\\/\\\/psicoeducalleida.com\\\/nosaltres\\\/#primaryimage\",\"url\":\"https:\\\/\\\/psicoeducalleida.com\\\/wp-content\\\/uploads\\\/2025\\\/05\\\/IMG-20250504-WA0010-e1747054965808-1024x668.jpg\",\"contentUrl\":\"https:\\\/\\\/psicoeducalleida.com\\\/wp-content\\\/uploads\\\/2025\\\/05\\\/IMG-20250504-WA0010-e1747054965808-1024x668.jpg\"},{\"@type\":\"BreadcrumbList\",\"@id\":\"https:\\\/\\\/psicoeducalleida.com\\\/nosaltres\\\/#breadcrumb\",\"itemListElement\":[{\"@type\":\"ListItem\",\"position\":1,\"name\":\"Portada\",\"item\":\"https:\\\/\\\/psicoeducalleida.com\\\/\"},{\"@type\":\"ListItem\",\"position\":2,\"name\":\"Nosaltres\"}]},{\"@type\":\"WebSite\",\"@id\":\"https:\\\/\\\/psicoeducalleida.com\\\/#website\",\"url\":\"https:\\\/\\\/psicoeducalleida.com\\\/\",\"name\":\"Psicoeduca Lleida\",\"description\":\"Servei de psicologia i psicopedagogia a Lleida per a infants, joves i fam\u00edlies. Acompanyament personalitzat i professional\",\"publisher\":{\"@id\":\"https:\\\/\\\/psicoeducalleida.com\\\/#organization\"},\"potentialAction\":[{\"@type\":\"SearchAction\",\"target\":{\"@type\":\"EntryPoint\",\"urlTemplate\":\"https:\\\/\\\/psicoeducalleida.com\\\/?s={search_term_string}\"},\"query-input\":{\"@type\":\"PropertyValueSpecification\",\"valueRequired\":true,\"valueName\":\"search_term_string\"}}],\"inLanguage\":\"es\"},{\"@type\":\"Organization\",\"@id\":\"https:\\\/\\\/psicoeducalleida.com\\\/#organization\",\"name\":\"Psicoeduca Lleida\",\"url\":\"https:\\\/\\\/psicoeducalleida.com\\\/\",\"logo\":{\"@type\":\"ImageObject\",\"inLanguage\":\"es\",\"@id\":\"https:\\\/\\\/psicoeducalleida.com\\\/#\\\/schema\\\/logo\\\/image\\\/\",\"url\":\"https:\\\/\\\/psicoeducalleida.com\\\/wp-content\\\/uploads\\\/2025\\\/04\\\/cropped-cropped-logo-sin-fondo-final-2.png\",\"contentUrl\":\"https:\\\/\\\/psicoeducalleida.com\\\/wp-content\\\/uploads\\\/2025\\\/04\\\/cropped-cropped-logo-sin-fondo-final-2.png\",\"width\":1024,\"height\":524,\"caption\":\"Psicoeduca Lleida\"},\"image\":{\"@id\":\"https:\\\/\\\/psicoeducalleida.com\\\/#\\\/schema\\\/logo\\\/image\\\/\"}}]}<\/script>\n<!-- \/ Yoast SEO plugin. -->","yoast_head_json":{"title":"Nosaltres - Psicoeduca Lleida","description":"Psicoeduca Lleida es un gabinet de Psicopedagogia a Lleida, on ens exigim qualitat en cada projecte, producte o servei, perqu\u00e8 sabem que tu tamb\u00e9 la valores.Ens prenem seriosament cada repte i treballem amb criteri i exig\u00e8ncia per oferir-te el millor.Creiem en la personalitzaci\u00f3 com a clau de l\u2019\u00e8xit. Cada client \u00e9s \u00fanic, i aix\u00ed ho fem notar.","robots":{"index":"index","follow":"follow","max-snippet":"max-snippet:-1","max-image-preview":"max-image-preview:large","max-video-preview":"max-video-preview:-1"},"canonical":"https:\/\/psicoeducalleida.com\/es\/nosaltres\/","og_locale":"es_ES","og_type":"article","og_title":"Nosaltres - Psicoeduca Lleida","og_description":"Psicoeduca Lleida es un gabinet de Psicopedagogia a Lleida, on ens exigim qualitat en cada projecte, producte o servei, perqu\u00e8 sabem que tu tamb\u00e9 la valores.Ens prenem seriosament cada repte i treballem amb criteri i exig\u00e8ncia per oferir-te el millor.Creiem en la personalitzaci\u00f3 com a clau de l\u2019\u00e8xit. Cada client \u00e9s \u00fanic, i aix\u00ed ho fem notar.","og_url":"https:\/\/psicoeducalleida.com\/es\/nosaltres\/","og_site_name":"Psicoeduca Lleida","article_modified_time":"2025-05-16T12:28:04+00:00","og_image":[{"url":"https:\/\/psicoeducalleida.com\/wp-content\/uploads\/2025\/05\/IMG-20250504-WA0010-e1747054965808-1024x668.jpg","type":"","width":"","height":""}],"twitter_card":"summary_large_image","twitter_misc":{"Tiempo de lectura":"4 minutos"},"schema":{"@context":"https:\/\/schema.org","@graph":[{"@type":"WebPage","@id":"https:\/\/psicoeducalleida.com\/nosaltres\/","url":"https:\/\/psicoeducalleida.com\/nosaltres\/","name":"Nosaltres - Psicoeduca Lleida","isPartOf":{"@id":"https:\/\/psicoeducalleida.com\/#website"},"primaryImageOfPage":{"@id":"https:\/\/psicoeducalleida.com\/nosaltres\/#primaryimage"},"image":{"@id":"https:\/\/psicoeducalleida.com\/nosaltres\/#primaryimage"},"thumbnailUrl":"https:\/\/psicoeducalleida.com\/wp-content\/uploads\/2025\/05\/IMG-20250504-WA0010-e1747054965808-1024x668.jpg","datePublished":"2025-05-12T08:48:29+00:00","dateModified":"2025-05-16T12:28:04+00:00","description":"Psicoeduca Lleida es un gabinet de Psicopedagogia a Lleida, on ens exigim qualitat en cada projecte, producte o servei, perqu\u00e8 sabem que tu tamb\u00e9 la valores.Ens prenem seriosament cada repte i treballem amb criteri i exig\u00e8ncia per oferir-te el millor.Creiem en la personalitzaci\u00f3 com a clau de l\u2019\u00e8xit. Cada client \u00e9s \u00fanic, i aix\u00ed ho fem notar.","breadcrumb":{"@id":"https:\/\/psicoeducalleida.com\/nosaltres\/#breadcrumb"},"inLanguage":"es","potentialAction":[{"@type":"ReadAction","target":["https:\/\/psicoeducalleida.com\/nosaltres\/"]}]},{"@type":"ImageObject","inLanguage":"es","@id":"https:\/\/psicoeducalleida.com\/nosaltres\/#primaryimage","url":"https:\/\/psicoeducalleida.com\/wp-content\/uploads\/2025\/05\/IMG-20250504-WA0010-e1747054965808-1024x668.jpg","contentUrl":"https:\/\/psicoeducalleida.com\/wp-content\/uploads\/2025\/05\/IMG-20250504-WA0010-e1747054965808-1024x668.jpg"},{"@type":"BreadcrumbList","@id":"https:\/\/psicoeducalleida.com\/nosaltres\/#breadcrumb","itemListElement":[{"@type":"ListItem","position":1,"name":"Portada","item":"https:\/\/psicoeducalleida.com\/"},{"@type":"ListItem","position":2,"name":"Nosaltres"}]},{"@type":"WebSite","@id":"https:\/\/psicoeducalleida.com\/#website","url":"https:\/\/psicoeducalleida.com\/","name":"Psicoeduca Lleida","description":"Servei de psicologia i psicopedagogia a Lleida per a infants, joves i fam\u00edlies. Acompanyament personalitzat i professional","publisher":{"@id":"https:\/\/psicoeducalleida.com\/#organization"},"potentialAction":[{"@type":"SearchAction","target":{"@type":"EntryPoint","urlTemplate":"https:\/\/psicoeducalleida.com\/?s={search_term_string}"},"query-input":{"@type":"PropertyValueSpecification","valueRequired":true,"valueName":"search_term_string"}}],"inLanguage":"es"},{"@type":"Organization","@id":"https:\/\/psicoeducalleida.com\/#organization","name":"Psicoeduca Lleida","url":"https:\/\/psicoeducalleida.com\/","logo":{"@type":"ImageObject","inLanguage":"es","@id":"https:\/\/psicoeducalleida.com\/#\/schema\/logo\/image\/","url":"https:\/\/psicoeducalleida.com\/wp-content\/uploads\/2025\/04\/cropped-cropped-logo-sin-fondo-final-2.png","contentUrl":"https:\/\/psicoeducalleida.com\/wp-content\/uploads\/2025\/04\/cropped-cropped-logo-sin-fondo-final-2.png","width":1024,"height":524,"caption":"Psicoeduca Lleida"},"image":{"@id":"https:\/\/psicoeducalleida.com\/#\/schema\/logo\/image\/"}}]}},"uagb_featured_image_src":{"full":false,"thumbnail":false,"medium":false,"medium_large":false,"large":false,"1536x1536":false,"2048x2048":false,"trp-custom-language-flag":false},"uagb_author_info":{"display_name":"fonfrialuna@gmail.com","author_link":"https:\/\/psicoeducalleida.com\/es\/author\/fonfrialunagmail-com\/"},"uagb_comment_info":0,"uagb_excerpt":"Nosaltres El nostre treball consisteix en un seguiment constant del proc\u00e9s, ajustant les activitats i estrat\u00e8gies a mesura que coneixem millor el que cada persona necessita. Aix\u00ed, podem garantir que cada intervenci\u00f3 sigui efectiva i adequada al perfil de l\u2019infant o jove amb qui treballem.La comunicaci\u00f3 amb els pares \u00e9s fonamental. Mantinguem una relaci\u00f3 constant&hellip;","_links":{"self":[{"href":"https:\/\/psicoeducalleida.com\/es\/wp-json\/wp\/v2\/pages\/2636","targetHints":{"allow":["GET"]}}],"collection":[{"href":"https:\/\/psicoeducalleida.com\/es\/wp-json\/wp\/v2\/pages"}],"about":[{"href":"https:\/\/psicoeducalleida.com\/es\/wp-json\/wp\/v2\/types\/page"}],"author":[{"embeddable":true,"href":"https:\/\/psicoeducalleida.com\/es\/wp-json\/wp\/v2\/users\/1"}],"replies":[{"embeddable":true,"href":"https:\/\/psicoeducalleida.com\/es\/wp-json\/wp\/v2\/comments?post=2636"}],"version-history":[{"count":42,"href":"https:\/\/psicoeducalleida.com\/es\/wp-json\/wp\/v2\/pages\/2636\/revisions"}],"predecessor-version":[{"id":2889,"href":"https:\/\/psicoeducalleida.com\/es\/wp-json\/wp\/v2\/pages\/2636\/revisions\/2889"}],"wp:attachment":[{"href":"https:\/\/psicoeducalleida.com\/es\/wp-json\/wp\/v2\/media?parent=2636"}],"curies":[{"name":"wp","href":"https:\/\/api.w.org\/{rel}","templated":true}]}}